{"id":1535,"date":"2017-02-10T09:26:18","date_gmt":"2017-02-10T09:26:18","guid":{"rendered":"http:\/\/consult.loc\/?page_id=1535"},"modified":"2023-06-23T13:17:53","modified_gmt":"2023-06-23T13:17:53","slug":"urunler","status":"publish","type":"page","link":"https:\/\/assinerji.com\/?page_id=1535","title":{"rendered":"Hizmetler"},"content":{"rendered":"\t\t<div data-elementor-type=\"wp-page\" data-elementor-id=\"1535\" class=\"elementor elementor-1535\">\n\t\t\t\t\t\t\t\t\t<section class=\"elementor-section elementor-top-section elementor-element elementor-element-249eaf5 elementor-section-boxed elementor-section-height-default elementor-section-height-default\" data-id=\"249eaf5\" data-element_type=\"section\" data-settings=\"{&quot;background_background&quot;:&quot;classic&quot;}\">\n\t\t\t\t\t\t<div class=\"elementor-container elementor-column-gap-default\">\n\t\t\t\t\t<div class=\"elementor-column elementor-col-100 elementor-top-column elementor-element elementor-element-249f117\" data-id=\"249f117\" data-element_type=\"column\">\n\t\t\t<div class=\"elementor-widget-wrap elementor-element-populated\">\n\t\t\t\t\t\t\t\t<div class=\"elementor-element elementor-element-249f6f7 elementor-widget elementor-widget-stm_portfolio\" data-id=\"249f6f7\" data-element_type=\"widget\" data-widget_type=\"stm_portfolio.default\">\n\t\t\t\t<div class=\"elementor-widget-container\">\n\t\t\t\n<div class=\"portfolio_box consulting_elementor_portfolio style_2\">\n        <div class=\"stm_portfolio_grid consulting_elementor_portfolio style_2\">\n                    <div class=\"item all hizmetler\">\n            <div class=\"item_thumbnail has-thumbnail\">\n            <img src='https:\/\/assinerji.com\/wp-content\/uploads\/2023\/07\/makinekapaksss.jpg' alt='' \/>            <a href=\"https:\/\/assinerji.com\/?stm_portfolio=makine\">\n                <span class=\"portfolio-title\">\n                    MAKI\u0307NE &#8211; KONVEYOR I\u0307MALATI                                            <span class=\"portfolio-category\">Hizmetler<\/span>\n                                    <\/span>\n            <\/a>\n        <\/div>\n    <\/div>                    <div class=\"item all hizmetler\">\n            <div class=\"item_thumbnail has-thumbnail\">\n            <img src='https:\/\/assinerji.com\/wp-content\/uploads\/2023\/03\/kmpkkk.jpg' alt='' \/>            <a href=\"https:\/\/assinerji.com\/?stm_portfolio=aluminyum-ve-metal-sase-karkas\">\n                <span class=\"portfolio-title\">\n                    ALU\u0308MI\u0307NYUM VE METAL S\u0327ASE KARKAS \u0130MALATI                                            <span class=\"portfolio-category\">Hizmetler<\/span>\n                                    <\/span>\n            <\/a>\n        <\/div>\n    <\/div>                    <div class=\"item all hizmetler\">\n            <div class=\"item_thumbnail has-thumbnail\">\n            <img src='https:\/\/assinerji.com\/wp-content\/uploads\/2023\/02\/kaynakkontrolkapak.jpg' alt='' \/>            <a href=\"https:\/\/assinerji.com\/?stm_portfolio=kaynak\">\n                <span class=\"portfolio-title\">\n                    KAYNAK &#8211; KONTROL FI\u0307KSTU\u0308RLERI\u0307 \u0130MALATI                                            <span class=\"portfolio-category\">Hizmetler<\/span>\n                                    <\/span>\n            <\/a>\n        <\/div>\n    <\/div>                    <div class=\"item all hizmetler\">\n            <div class=\"item_thumbnail has-thumbnail\">\n            <img src='https:\/\/assinerji.com\/wp-content\/uploads\/2023\/05\/kpkkkdkdk333.jpg' alt='' \/>            <a href=\"https:\/\/assinerji.com\/?stm_portfolio=aparat\">\n                <span class=\"portfolio-title\">\n                    APARAT                                            <span class=\"portfolio-category\">Hizmetler<\/span>\n                                    <\/span>\n            <\/a>\n        <\/div>\n    <\/div>                    <div class=\"item all hizmetler\">\n            <div class=\"item_thumbnail has-thumbnail\">\n            <img src='https:\/\/assinerji.com\/wp-content\/uploads\/2022\/10\/kpkk2323.jpg' alt='' \/>            <a href=\"https:\/\/assinerji.com\/?stm_portfolio=kalip\">\n                <span class=\"portfolio-title\">\n                    PLAST\u0130K KALIP                                            <span class=\"portfolio-category\">Hizmetler<\/span>\n                                    <\/span>\n            <\/a>\n        <\/div>\n    <\/div>                    <div class=\"item all hizmetler\">\n            <div class=\"item_thumbnail has-thumbnail\">\n            <img src='https:\/\/assinerji.com\/wp-content\/uploads\/2022\/06\/kpk223.jpg' alt='' \/>            <a href=\"https:\/\/assinerji.com\/?stm_portfolio=mkparcalari\">\n                <span class=\"portfolio-title\">\n                    \u00d6ZEL MAK\u0130NE PAR\u00c7A \u0130MALATI                                            <span class=\"portfolio-category\">Hizmetler<\/span>\n                                    <\/span>\n            <\/a>\n        <\/div>\n    <\/div>                    <\/div>\n                <\/div>\n<script type=\"text\/javascript\">\n    jQuery(document).ready(function ($) {\n        var $container = $(\".stm_portfolio_grid\");\n        var originLeft = true;\n        if ($(\"body\").hasClass(\"rtl\")) {\n            originLeft = false;\n        }\n        $container.isotope({\n            layoutMode: \"packery\",\n            itemSelector: \".item\",\n            transitionDuration: \"0.7s\",\n            gutter: 10,\n            isOriginLeft: originLeft,\n                    });\n        $container.imagesLoaded().progress(function () {\n            $container.isotope(\"layout\");\n        });\n        $container.isotope(\"layout\");\n\n        $(document).on(\"click\", \".portfolio_load_more_btn\", function (e) {\n            e.preventDefault();\n            var page = $(this).attr(\"data-page\");\n            var load_by = $(this).attr(\"data-load\");\n            var category = $(this).attr('data-category');\n            var style = $(this).attr('data-style');\n            $.ajax({\n                url: ajaxurl,\n                type: \"POST\",\n                dataType: \"json\",\n                data: \"&page=\" + page + \"&load_by=\" + load_by + \"&category=\" + category + \"&style=\" + style + \"&action=stm_ajax_load_portfolio&security=\" + stm_ajax_load_portfolio,\n                context: this,\n                beforeSend: function (data) {\n                    $(this).parent().addClass(\"portfolio_posts_loading\");\n                },\n                success: function (data) {\n                    $(this).parent().removeClass(\"portfolio_posts_loading\");\n                    if (data.html) {\n                        var $items = $(data.html);\n                        $(\".stm_portfolio_grid\").append($items).isotope(\"appended\", $items, false);\n                        stm_sort_portfolio();\n                    }\n                    $(this).attr(\"data-page\", data.new_page);\n                    if (!data.load_more) {\n                        $(this).remove();\n                        $(\".portfolio_btn_box\").remove();\n                    }\n                }\n            });\n        });\n\n        function stm_sort_portfolio() {\n            \/\/ Init Isotope\n            if ($(\".stm_portfolio\").length) {\n                $(\".stm_portfolio\").isotope({\n                    itemSelector: \".item\",\n                    layoutMode: \"packery\"\n                });\n            }\n        }\n        if($container.closest('.vc_tta').length > 0){\n            $('.vc_tta-tab > a').on('click', function () {\n                setTimeout(function () {\n                    $container.isotope(\"layout\");\n                    stm_sort_portfolio();\n                }, 300);\n            })\n        }\n\n        $('.portfolio_box .category_filter a').on('click', function () {\n            var i = 0;\n            $(this).closest('ul').find('li.active').removeClass('active');\n            $(this).parent().addClass('active');\n            var sort = $(this).attr('href');\n            sort = sort.substring(1);\n                        $container.isotope({\n                filter: '.' + sort\n            });\n                        return false;\n        });\n    });\n<\/script>\t\t<\/div>\n\t\t\t\t<\/div>\n\t\t\t\t\t<\/div>\n\t\t<\/div>\n\t\t\t\t\t\t\t<\/div>\n\t\t<\/section>\n\t\t\t\t<section class=\"elementor-section elementor-top-section elementor-element elementor-element-249f7d3 third_bg_color elementor-section-boxed elementor-section-height-default elementor-section-height-default\" data-id=\"249f7d3\" data-element_type=\"section\" data-settings=\"{&quot;background_background&quot;:&quot;classic&quot;}\">\n\t\t\t\t\t\t<div class=\"elementor-container elementor-column-gap-default\">\n\t\t\t\t\t<div class=\"elementor-column elementor-col-100 elementor-top-column elementor-element elementor-element-249fe26\" data-id=\"249fe26\" data-element_type=\"column\">\n\t\t\t<div class=\"elementor-widget-wrap elementor-element-populated\">\n\t\t\t\t\t\t\t\t<div class=\"elementor-element elementor-element-24a0338 elementor-widget elementor-widget-vc_cta\" data-id=\"24a0338\" data-element_type=\"widget\" data-widget_type=\"vc_cta.default\">\n\t\t\t\t<div class=\"elementor-widget-container\">\n\t\t\t\n<div class=\"ce_cta ce_cta_b5b2f36bbff8c2b2510e635b01aa4f8e ce_text_left third_bg_color add_button_right btn_align_right btn_button_block_true btn_has_icon btn_has_icon_on_the_right\" id=\"\">\n\n    <div class=\"ce_cta__content\">\n        <div class=\"ce_cta__content__header\">\n            <h2  class='ce_cta__content__title '>Bizimle \u0130leti\u015fime Ge\u00e7in<\/h2>                    <\/div>\n\n        \n    <\/div>\n\n    \n        <div class=\"ce_cta__action\">\n            <a href=\"#\"\n                              target=\"_self\"\n               class=\"button \">\n                <span>\u0130leti\u015fim<\/span>\n                                    <i class=\"fa fa-chevron-right\"><\/i>\n                            <\/a>\n        <\/div>\n\n    \n<\/div>\n\t\t<\/div>\n\t\t\t\t<\/div>\n\t\t\t\t\t<\/div>\n\t\t<\/div>\n\t\t\t\t\t\t\t<\/div>\n\t\t<\/section>\n\t\t\t\t\t\t\t<\/div>\n\t\t","protected":false},"excerpt":{"rendered":"<p>MAKI\u0307NE PARC\u0327ALARI Hizmetler MAKI\u0307NE \u2013 KONVEYOR I\u0307MALATI Hizmetler KAYNAK \u2013 KONTROL FI\u0307KSTU\u0308RLERI\u0307 Hizmetler KALIP Hizmetler ALU\u0308MI\u0307NYUM VE METAL S\u0327ASE KARKAS Hizmetler APARAT Hizmetler Bizimle \u0130leti\u015fime Ge\u00e7in \u0130leti\u015fim<\/p>\n","protected":false},"author":1,"featured_media":0,"parent":0,"menu_order":0,"comment_status":"closed","ping_status":"closed","template":"","meta":{"footnotes":""},"class_list":["post-1535","page","type-page","status-publish","hentry"],"_links":{"self":[{"href":"https:\/\/assinerji.com\/index.php?rest_route=\/wp\/v2\/pages\/1535","targetHints":{"allow":["GET"]}}],"collection":[{"href":"https:\/\/assinerji.com\/index.php?rest_route=\/wp\/v2\/pages"}],"about":[{"href":"https:\/\/assinerji.com\/index.php?rest_route=\/wp\/v2\/types\/page"}],"author":[{"embeddable":true,"href":"https:\/\/assinerji.com\/index.php?rest_route=\/wp\/v2\/users\/1"}],"replies":[{"embeddable":true,"href":"https:\/\/assinerji.com\/index.php?rest_route=%2Fwp%2Fv2%2Fcomments&post=1535"}],"version-history":[{"count":38,"href":"https:\/\/assinerji.com\/index.php?rest_route=\/wp\/v2\/pages\/1535\/revisions"}],"predecessor-version":[{"id":7399,"href":"https:\/\/assinerji.com\/index.php?rest_route=\/wp\/v2\/pages\/1535\/revisions\/7399"}],"wp:attachment":[{"href":"https:\/\/assinerji.com\/index.php?rest_route=%2Fwp%2Fv2%2Fmedia&parent=1535"}],"curies":[{"name":"wp","href":"https:\/\/api.w.org\/{rel}","templated":true}]}}